{"id":3123,"date":"2025-07-06T11:11:33","date_gmt":"2025-07-06T09:11:33","guid":{"rendered":"https:\/\/steigerfeinbaeckerei.ch\/index.php\/dienstleistungen\/kooperation-fur-geschaefte\/"},"modified":"2025-08-09T22:36:19","modified_gmt":"2025-08-09T20:36:19","slug":"kooperation-fur-geschaefte","status":"publish","type":"page","link":"https:\/\/steigerfeinbaeckerei.ch\/index.php\/dienstleistungen\/kooperation-fur-geschaefte\/","title":{"rendered":"Kollaborationen f\u00fcr Fachleute"},"content":{"rendered":"\t\t<div data-elementor-type=\"wp-page\" data-elementor-id=\"3123\" class=\"elementor elementor-3123 elementor-1147\" data-elementor-post-type=\"page\">\n\t\t\t\t\t\t<section class=\"elementor-section elementor-top-section elementor-element elementor-element-c37dd46 elementor-section-height-min-height elementor-section-content-middle elementor-section-items-stretch elementor-section-boxed elementor-section-height-default elementor-invisible\" data-id=\"c37dd46\" data-element_type=\"section\" data-e-type=\"section\" data-settings=\"{&quot;background_background&quot;:&quot;classic&quot;,&quot;animation&quot;:&quot;fadeIn&quot;}\">\n\t\t\t\t\t\t\t<div class=\"elementor-background-overlay\"><\/div>\n\t\t\t\t\t\t\t<div class=\"elementor-container elementor-column-gap-no\">\n\t\t\t\t\t<div class=\"elementor-column elementor-col-100 elementor-top-column elementor-element elementor-element-1be3265\" data-id=\"1be3265\" data-element_type=\"column\" data-e-type=\"column\">\n\t\t\t<div class=\"elementor-widget-wrap elementor-element-populated\">\n\t\t\t\t\t\t<section class=\"elementor-section elementor-inner-section elementor-element elementor-element-0c19bba elementor-section-boxed elementor-section-height-default elementor-section-height-default\" data-id=\"0c19bba\" data-element_type=\"section\" data-e-type=\"section\">\n\t\t\t\t\t\t<div class=\"elementor-container elementor-column-gap-extended\">\n\t\t\t\t\t<div class=\"elementor-column elementor-col-100 elementor-inner-column elementor-element elementor-element-cfaadbb\" data-id=\"cfaadbb\" data-element_type=\"column\" data-e-type=\"column\">\n\t\t\t<div class=\"elementor-widget-wrap elementor-element-populated\">\n\t\t\t\t\t\t<div class=\"elementor-element elementor-element-e129bdc elementor-invisible elementor-widget elementor-widget-heading\" data-id=\"e129bdc\" data-element_type=\"widget\" data-e-type=\"widget\" data-settings=\"{&quot;_animation&quot;:&quot;fadeIn&quot;,&quot;_animation_delay&quot;:500}\" data-widget_type=\"heading.default\">\n\t\t\t\t<div class=\"elementor-widget-container\">\n\t\t\t\t\t<h1 class=\"elementor-heading-title elementor-size-xxl\">Kooperation<\/h1>\t\t\t\t<\/div>\n\t\t\t\t<\/div>\n\t\t\t\t\t<\/div>\n\t\t<\/div>\n\t\t\t\t\t<\/div>\n\t\t<\/section>\n\t\t\t\t<div class=\"elementor-element elementor-element-cf824e1 elementor-widget elementor-widget-heading\" data-id=\"cf824e1\" data-element_type=\"widget\" data-e-type=\"widget\" data-widget_type=\"heading.default\">\n\t\t\t\t<div class=\"elementor-widget-container\">\n\t\t\t\t\t<h1 class=\"elementor-heading-title elementor-size-xxl\">S\u016bsses und salziges f\u016br Ihr Lokal<\/h1>\t\t\t\t<\/div>\n\t\t\t\t<\/div>\n\t\t\t\t\t<\/div>\n\t\t<\/div>\n\t\t\t\t\t<\/div>\n\t\t<\/section>\n\t\t<div class=\"elementor-element elementor-element-730166a e-flex e-con-boxed e-con e-parent\" data-id=\"730166a\" data-element_type=\"container\" data-e-type=\"container\">\n\t\t\t\t\t<div class=\"e-con-inner\">\n\t\t\t\t<div class=\"elementor-element elementor-element-7882d56 elementor-invisible elementor-widget elementor-widget-heading\" data-id=\"7882d56\" data-element_type=\"widget\" data-e-type=\"widget\" data-settings=\"{&quot;_animation&quot;:&quot;fadeInUp&quot;}\" data-widget_type=\"heading.default\">\n\t\t\t\t<div class=\"elementor-widget-container\">\n\t\t\t\t\t<h1 class=\"elementor-heading-title elementor-size-default\">Bringen Sie die Qualit\u00e4t vom Steiger in Ihr Gesch\u00e4ft<\/h1>\t\t\t\t<\/div>\n\t\t\t\t<\/div>\n\t\t\t\t\t<\/div>\n\t\t\t\t<\/div>\n\t\t<div class=\"elementor-element elementor-element-3b6436b e-grid e-con-boxed e-con e-parent\" data-id=\"3b6436b\" data-element_type=\"container\" data-e-type=\"container\">\n\t\t\t\t\t<div class=\"e-con-inner\">\n\t\t\t\t<div class=\"elementor-element elementor-element-d79e7ce elementor-widget elementor-widget-text-editor\" data-id=\"d79e7ce\" data-element_type=\"widget\" data-e-type=\"widget\" data-widget_type=\"text-editor.default\">\n\t\t\t\t<div class=\"elementor-widget-container\">\n\t\t\t\t\t\t\t\t\t<p>Wir freuen uns, unsere handgemachten Produkte Restaurants, Bars, Caf\u00e9s und Hotels anzubieten, die ihr Sortiment mit Frische, Geschmack und Eleganz erg\u00e4nzen m\u00f6chten.<\/p><p>Von s\u00fc\u00df bis salzig stellen wir einen Katalog zur Verf\u00fcgung und bieten die M\u00f6glichkeit, eine exklusive und ma\u00dfgeschneiderte Linie f\u016br Sie zu entwickeln.<\/p><p>Ob Sie eine Auswahl an raffinierten Einzelportionen, duftenden Keksen oder ofenfrischen Fr\u00fchst\u00fccksgeb\u00e4cken anbieten m\u00f6chten oder ein exklusives Produkt nur f\u00fcr Ihre Kundschaft w\u00fcnschen \u2013 wir sind bereit, gemeinsam etwas Besonderes zu kreieren.<\/p><p>Kontaktieren Sie uns, um unseren Katalog zu erhalten und unser Angebot kennenzulernen.<\/p>\t\t\t\t\t\t\t\t<\/div>\n\t\t\t\t<\/div>\n\t\t\t\t<div class=\"elementor-element elementor-element-daa1c66 elementor-widget elementor-widget-image\" data-id=\"daa1c66\" data-element_type=\"widget\" data-e-type=\"widget\" data-widget_type=\"image.default\">\n\t\t\t\t<div class=\"elementor-widget-container\">\n\t\t\t\t\t\t\t\t\t\t\t\t\t\t\t<img fetchpriority=\"high\" decoding=\"async\" width=\"800\" height=\"534\" src=\"https:\/\/steigerfeinbaeckerei.ch\/wp-content\/uploads\/2025\/07\/collaborazione_per_professionisti_steiger-1024x683.jpg\" class=\"attachment-large size-large wp-image-3692\" alt=\"\" srcset=\"https:\/\/steigerfeinbaeckerei.ch\/wp-content\/uploads\/2025\/07\/collaborazione_per_professionisti_steiger-1024x683.jpg 1024w, https:\/\/steigerfeinbaeckerei.ch\/wp-content\/uploads\/2025\/07\/collaborazione_per_professionisti_steiger-300x200.jpg 300w, https:\/\/steigerfeinbaeckerei.ch\/wp-content\/uploads\/2025\/07\/collaborazione_per_professionisti_steiger-768x512.jpg 768w, https:\/\/steigerfeinbaeckerei.ch\/wp-content\/uploads\/2025\/07\/collaborazione_per_professionisti_steiger.jpg 1536w\" sizes=\"(max-width: 800px) 100vw, 800px\" \/>\t\t\t\t\t\t\t\t\t\t\t\t\t\t\t<\/div>\n\t\t\t\t<\/div>\n\t\t\t\t\t<\/div>\n\t\t\t\t<\/div>\n\t\t<div class=\"elementor-element elementor-element-7013be7 e-flex e-con-boxed e-con e-parent\" data-id=\"7013be7\" data-element_type=\"container\" data-e-type=\"container\">\n\t\t\t\t\t<div class=\"e-con-inner\">\n\t\t\t\t<div class=\"elementor-element elementor-element-3688b3b elementor-align-center elementor-mobile-align-center elementor-widget elementor-widget-button\" data-id=\"3688b3b\" data-element_type=\"widget\" data-e-type=\"widget\" data-widget_type=\"button.default\">\n\t\t\t\t<div class=\"elementor-widget-container\">\n\t\t\t\t\t\t\t\t\t<div class=\"elementor-button-wrapper\">\n\t\t\t\t\t<a class=\"elementor-button elementor-button-link elementor-size-xs elementor-animation-grow\" href=\"https:\/\/steigerfeinbaeckerei.ch\/index.php\/kontakt\/\" id=\"chi-sono\">\n\t\t\t\t\t\t<span class=\"elementor-button-content-wrapper\">\n\t\t\t\t\t\t<span class=\"elementor-button-icon\">\n\t\t\t\t<svg aria-hidden=\"true\" class=\"e-font-icon-svg e-fas-long-arrow-alt-right\" viewBox=\"0 0 448 512\" xmlns=\"http:\/\/www.w3.org\/2000\/svg\"><path d=\"M313.941 216H12c-6.627 0-12 5.373-12 12v56c0 6.627 5.373 12 12 12h301.941v46.059c0 21.382 25.851 32.09 40.971 16.971l86.059-86.059c9.373-9.373 9.373-24.569 0-33.941l-86.059-86.059c-15.119-15.119-40.971-4.411-40.971 16.971V216z\"><\/path><\/svg>\t\t\t<\/span>\n\t\t\t\t\t\t\t\t\t<span class=\"elementor-button-text\">Kontakt<\/span>\n\t\t\t\t\t<\/span>\n\t\t\t\t\t<\/a>\n\t\t\t\t<\/div>\n\t\t\t\t\t\t\t\t<\/div>\n\t\t\t\t<\/div>\n\t\t\t\t\t<\/div>\n\t\t\t\t<\/div>\n\t\t\t\t<\/div>\n\t\t","protected":false},"excerpt":{"rendered":"<p>Kooperation S\u016bsses und salziges f\u016br Ihr Lokal Bringen Sie die Qualit\u00e4t vom Steiger in Ihr Gesch\u00e4ft Wir freuen uns, unsere handgemachten Produkte Restaurants, Bars, Caf\u00e9s und Hotels anzubieten, die ihr Sortiment mit Frische, Geschmack und Eleganz erg\u00e4nzen m\u00f6chten. Von s\u00fc\u00df bis salzig stellen wir einen Katalog zur Verf\u00fcgung und bieten die M\u00f6glichkeit, eine exklusive und [&hellip;]<\/p>\n","protected":false},"author":1,"featured_media":0,"parent":3050,"menu_order":0,"comment_status":"closed","ping_status":"closed","template":"","meta":{"footnotes":""},"class_list":["post-3123","page","type-page","status-publish","hentry"],"_links":{"self":[{"href":"https:\/\/steigerfeinbaeckerei.ch\/index.php\/wp-json\/wp\/v2\/pages\/3123","targetHints":{"allow":["GET"]}}],"collection":[{"href":"https:\/\/steigerfeinbaeckerei.ch\/index.php\/wp-json\/wp\/v2\/pages"}],"about":[{"href":"https:\/\/steigerfeinbaeckerei.ch\/index.php\/wp-json\/wp\/v2\/types\/page"}],"author":[{"embeddable":true,"href":"https:\/\/steigerfeinbaeckerei.ch\/index.php\/wp-json\/wp\/v2\/users\/1"}],"replies":[{"embeddable":true,"href":"https:\/\/steigerfeinbaeckerei.ch\/index.php\/wp-json\/wp\/v2\/comments?post=3123"}],"version-history":[{"count":10,"href":"https:\/\/steigerfeinbaeckerei.ch\/index.php\/wp-json\/wp\/v2\/pages\/3123\/revisions"}],"predecessor-version":[{"id":4116,"href":"https:\/\/steigerfeinbaeckerei.ch\/index.php\/wp-json\/wp\/v2\/pages\/3123\/revisions\/4116"}],"up":[{"embeddable":true,"href":"https:\/\/steigerfeinbaeckerei.ch\/index.php\/wp-json\/wp\/v2\/pages\/3050"}],"wp:attachment":[{"href":"https:\/\/steigerfeinbaeckerei.ch\/index.php\/wp-json\/wp\/v2\/media?parent=3123"}],"curies":[{"name":"wp","href":"https:\/\/api.w.org\/{rel}","templated":true}]}}