{"id":24,"date":"2025-02-10T20:16:34","date_gmt":"2025-02-10T19:16:34","guid":{"rendered":"https:\/\/steigerfeinbaeckerei.ch\/?page_id=24"},"modified":"2025-08-06T22:25:43","modified_gmt":"2025-08-06T20:25:43","slug":"chi-siamo","status":"publish","type":"page","link":"https:\/\/steigerfeinbaeckerei.ch\/it\/index.php\/chi-siamo\/","title":{"rendered":"Chi siamo"},"content":{"rendered":"\t\t<div data-elementor-type=\"wp-page\" data-elementor-id=\"24\" class=\"elementor elementor-24\" data-elementor-post-type=\"page\">\n\t\t\t\t\t\t<section class=\"elementor-section elementor-top-section elementor-element elementor-element-65af3764 elementor-section-height-min-height elementor-section-content-middle elementor-section-items-stretch elementor-section-boxed elementor-section-height-default elementor-invisible\" data-id=\"65af3764\" data-element_type=\"section\" data-e-type=\"section\" data-settings=\"{&quot;background_background&quot;:&quot;classic&quot;,&quot;animation&quot;:&quot;fadeIn&quot;}\">\n\t\t\t\t\t\t\t<div class=\"elementor-background-overlay\"><\/div>\n\t\t\t\t\t\t\t<div class=\"elementor-container elementor-column-gap-no\">\n\t\t\t\t\t<div class=\"elementor-column elementor-col-100 elementor-top-column elementor-element elementor-element-4f71ee1d\" data-id=\"4f71ee1d\" data-element_type=\"column\" data-e-type=\"column\">\n\t\t\t<div class=\"elementor-widget-wrap elementor-element-populated\">\n\t\t\t\t\t\t<section class=\"elementor-section elementor-inner-section elementor-element elementor-element-2806509c elementor-section-boxed elementor-section-height-default elementor-section-height-default\" data-id=\"2806509c\" data-element_type=\"section\" data-e-type=\"section\">\n\t\t\t\t\t\t<div class=\"elementor-container elementor-column-gap-extended\">\n\t\t\t\t\t<div class=\"elementor-column elementor-col-100 elementor-inner-column elementor-element elementor-element-37b0d49\" data-id=\"37b0d49\" data-element_type=\"column\" data-e-type=\"column\">\n\t\t\t<div class=\"elementor-widget-wrap elementor-element-populated\">\n\t\t\t\t\t\t<div class=\"elementor-element elementor-element-1ddaf3ff elementor-invisible elementor-widget elementor-widget-heading\" data-id=\"1ddaf3ff\" data-element_type=\"widget\" data-e-type=\"widget\" data-settings=\"{&quot;_animation&quot;:&quot;fadeIn&quot;,&quot;_animation_delay&quot;:500}\" data-widget_type=\"heading.default\">\n\t\t\t\t<div class=\"elementor-widget-container\">\n\t\t\t\t\t<h1 class=\"elementor-heading-title elementor-size-xxl\">Chi siamo<\/h1>\t\t\t\t<\/div>\n\t\t\t\t<\/div>\n\t\t\t\t<div class=\"elementor-element elementor-element-58d7d2e3 elementor-invisible elementor-widget elementor-widget-heading\" data-id=\"58d7d2e3\" data-element_type=\"widget\" data-e-type=\"widget\" data-settings=\"{&quot;_animation&quot;:&quot;fadeInUp&quot;}\" data-widget_type=\"heading.default\">\n\t\t\t\t<div class=\"elementor-widget-container\">\n\t\t\t\t\t<h1 class=\"elementor-heading-title elementor-size-xxl\">Dalla Passione alla Professione<\/h1>\t\t\t\t<\/div>\n\t\t\t\t<\/div>\n\t\t\t\t\t<\/div>\n\t\t<\/div>\n\t\t\t\t\t<\/div>\n\t\t<\/section>\n\t\t\t\t<div class=\"elementor-element elementor-element-393ec7a4 elementor-widget elementor-widget-spacer\" data-id=\"393ec7a4\" data-element_type=\"widget\" data-e-type=\"widget\" data-widget_type=\"spacer.default\">\n\t\t\t\t<div class=\"elementor-widget-container\">\n\t\t\t\t\t\t\t<div class=\"elementor-spacer\">\n\t\t\t<div class=\"elementor-spacer-inner\"><\/div>\n\t\t<\/div>\n\t\t\t\t\t\t<\/div>\n\t\t\t\t<\/div>\n\t\t\t\t\t<\/div>\n\t\t<\/div>\n\t\t\t\t\t<\/div>\n\t\t<\/section>\n\t\t\t\t<section class=\"elementor-section elementor-top-section elementor-element elementor-element-1754c424 elementor-section-boxed elementor-section-height-default elementor-section-height-default\" data-id=\"1754c424\" data-element_type=\"section\" data-e-type=\"section\" data-settings=\"{&quot;background_background&quot;:&quot;classic&quot;}\">\n\t\t\t\t\t\t<div class=\"elementor-container elementor-column-gap-no\">\n\t\t\t\t\t<div class=\"elementor-column elementor-col-100 elementor-top-column elementor-element elementor-element-543145ec\" data-id=\"543145ec\" data-element_type=\"column\" data-e-type=\"column\">\n\t\t\t<div class=\"elementor-widget-wrap elementor-element-populated\">\n\t\t\t\t\t\t<div class=\"elementor-element elementor-element-d00c392 elementor-widget-divider--view-line elementor-widget elementor-widget-divider\" data-id=\"d00c392\" data-element_type=\"widget\" data-e-type=\"widget\" data-widget_type=\"divider.default\">\n\t\t\t\t<div class=\"elementor-widget-container\">\n\t\t\t\t\t\t\t<div class=\"elementor-divider\">\n\t\t\t<span class=\"elementor-divider-separator\">\n\t\t\t\t\t\t<\/span>\n\t\t<\/div>\n\t\t\t\t\t\t<\/div>\n\t\t\t\t<\/div>\n\t\t<div class=\"elementor-element elementor-element-4bd2173 e-grid elementor-hidden-tablet elementor-hidden-mobile e-con-boxed e-con e-parent\" data-id=\"4bd2173\" data-element_type=\"container\" data-e-type=\"container\">\n\t\t\t\t\t<div class=\"e-con-inner\">\n\t\t\t\t<div class=\"elementor-element elementor-element-65e0a6d elementor-widget elementor-widget-image\" data-id=\"65e0a6d\" data-element_type=\"widget\" data-e-type=\"widget\" data-widget_type=\"image.default\">\n\t\t\t\t<div class=\"elementor-widget-container\">\n\t\t\t\t\t\t\t\t\t\t\t\t\t\t\t<img fetchpriority=\"high\" decoding=\"async\" width=\"1279\" height=\"1600\" src=\"https:\/\/steigerfeinbaeckerei.ch\/wp-content\/uploads\/2025\/07\/steiger-feinbaekerei-elizaveta-scaled-e1753088393953.jpeg\" class=\"attachment-full size-full wp-image-3169\" alt=\"\" srcset=\"https:\/\/steigerfeinbaeckerei.ch\/wp-content\/uploads\/2025\/07\/steiger-feinbaekerei-elizaveta-scaled-e1753088393953.jpeg 1279w, https:\/\/steigerfeinbaeckerei.ch\/wp-content\/uploads\/2025\/07\/steiger-feinbaekerei-elizaveta-scaled-e1753088393953-240x300.jpeg 240w, https:\/\/steigerfeinbaeckerei.ch\/wp-content\/uploads\/2025\/07\/steiger-feinbaekerei-elizaveta-scaled-e1753088393953-819x1024.jpeg 819w, https:\/\/steigerfeinbaeckerei.ch\/wp-content\/uploads\/2025\/07\/steiger-feinbaekerei-elizaveta-scaled-e1753088393953-768x960.jpeg 768w, https:\/\/steigerfeinbaeckerei.ch\/wp-content\/uploads\/2025\/07\/steiger-feinbaekerei-elizaveta-scaled-e1753088393953-1228x1536.jpeg 1228w, https:\/\/steigerfeinbaeckerei.ch\/wp-content\/uploads\/2025\/07\/steiger-feinbaekerei-elizaveta-scaled-e1753088393953-1638x2048.jpeg 1638w\" sizes=\"(max-width: 1279px) 100vw, 1279px\" \/>\t\t\t\t\t\t\t\t\t\t\t\t\t\t\t<\/div>\n\t\t\t\t<\/div>\n\t\t\t\t<div class=\"elementor-element elementor-element-b5b02a2 elementor-widget elementor-widget-image\" data-id=\"b5b02a2\" data-element_type=\"widget\" data-e-type=\"widget\" data-widget_type=\"image.default\">\n\t\t\t\t<div class=\"elementor-widget-container\">\n\t\t\t\t\t\t\t\t\t\t\t\t\t\t\t<img decoding=\"async\" width=\"1280\" height=\"1600\" src=\"https:\/\/steigerfeinbaeckerei.ch\/wp-content\/uploads\/2025\/07\/steiger-feibaekerei-team-scaled.jpeg\" class=\"attachment-full size-full wp-image-3161\" alt=\"\" srcset=\"https:\/\/steigerfeinbaeckerei.ch\/wp-content\/uploads\/2025\/07\/steiger-feibaekerei-team-scaled.jpeg 1280w, https:\/\/steigerfeinbaeckerei.ch\/wp-content\/uploads\/2025\/07\/steiger-feibaekerei-team-240x300.jpeg 240w, https:\/\/steigerfeinbaeckerei.ch\/wp-content\/uploads\/2025\/07\/steiger-feibaekerei-team-819x1024.jpeg 819w, https:\/\/steigerfeinbaeckerei.ch\/wp-content\/uploads\/2025\/07\/steiger-feibaekerei-team-768x960.jpeg 768w, https:\/\/steigerfeinbaeckerei.ch\/wp-content\/uploads\/2025\/07\/steiger-feibaekerei-team-1229x1536.jpeg 1229w, https:\/\/steigerfeinbaeckerei.ch\/wp-content\/uploads\/2025\/07\/steiger-feibaekerei-team-1638x2048.jpeg 1638w\" sizes=\"(max-width: 1280px) 100vw, 1280px\" \/>\t\t\t\t\t\t\t\t\t\t\t\t\t\t\t<\/div>\n\t\t\t\t<\/div>\n\t\t\t\t<div class=\"elementor-element elementor-element-d39eb0e elementor-widget elementor-widget-image\" data-id=\"d39eb0e\" data-element_type=\"widget\" data-e-type=\"widget\" data-widget_type=\"image.default\">\n\t\t\t\t<div class=\"elementor-widget-container\">\n\t\t\t\t\t\t\t\t\t\t\t\t\t\t\t<img decoding=\"async\" width=\"1280\" height=\"1600\" src=\"https:\/\/steigerfeinbaeckerei.ch\/wp-content\/uploads\/2025\/07\/steiger-feinbaeckerei-michael-scaled.jpeg\" class=\"attachment-full size-full wp-image-3165\" alt=\"\" srcset=\"https:\/\/steigerfeinbaeckerei.ch\/wp-content\/uploads\/2025\/07\/steiger-feinbaeckerei-michael-scaled.jpeg 1280w, https:\/\/steigerfeinbaeckerei.ch\/wp-content\/uploads\/2025\/07\/steiger-feinbaeckerei-michael-240x300.jpeg 240w, https:\/\/steigerfeinbaeckerei.ch\/wp-content\/uploads\/2025\/07\/steiger-feinbaeckerei-michael-819x1024.jpeg 819w, https:\/\/steigerfeinbaeckerei.ch\/wp-content\/uploads\/2025\/07\/steiger-feinbaeckerei-michael-768x960.jpeg 768w, https:\/\/steigerfeinbaeckerei.ch\/wp-content\/uploads\/2025\/07\/steiger-feinbaeckerei-michael-1229x1536.jpeg 1229w, https:\/\/steigerfeinbaeckerei.ch\/wp-content\/uploads\/2025\/07\/steiger-feinbaeckerei-michael-1638x2048.jpeg 1638w\" sizes=\"(max-width: 1280px) 100vw, 1280px\" \/>\t\t\t\t\t\t\t\t\t\t\t\t\t\t\t<\/div>\n\t\t\t\t<\/div>\n\t\t\t\t\t<\/div>\n\t\t\t\t<\/div>\n\t\t\t\t<div class=\"elementor-element elementor-element-afb0f7d elementor-widget elementor-widget-spacer\" data-id=\"afb0f7d\" data-element_type=\"widget\" data-e-type=\"widget\" data-widget_type=\"spacer.default\">\n\t\t\t\t<div class=\"elementor-widget-container\">\n\t\t\t\t\t\t\t<div class=\"elementor-spacer\">\n\t\t\t<div class=\"elementor-spacer-inner\"><\/div>\n\t\t<\/div>\n\t\t\t\t\t\t<\/div>\n\t\t\t\t<\/div>\n\t\t\t\t\t<\/div>\n\t\t<\/div>\n\t\t\t\t\t<\/div>\n\t\t<\/section>\n\t\t<div class=\"elementor-element elementor-element-4db73a0 elementor-hidden-desktop e-flex e-con-boxed e-con e-parent\" data-id=\"4db73a0\" data-element_type=\"container\" data-e-type=\"container\">\n\t\t\t\t\t<div class=\"e-con-inner\">\n\t\t\t\t<div class=\"elementor-element elementor-element-2639e2d elementor-arrows-position-inside elementor-widget elementor-widget-image-carousel\" data-id=\"2639e2d\" data-element_type=\"widget\" data-e-type=\"widget\" data-settings=\"{&quot;navigation&quot;:&quot;arrows&quot;,&quot;slides_to_show_mobile&quot;:&quot;1&quot;,&quot;autoplay&quot;:&quot;yes&quot;,&quot;pause_on_interaction&quot;:&quot;yes&quot;,&quot;autoplay_speed&quot;:5000,&quot;infinite&quot;:&quot;yes&quot;,&quot;speed&quot;:500}\" data-widget_type=\"image-carousel.default\">\n\t\t\t\t<div class=\"elementor-widget-container\">\n\t\t\t\t\t\t\t<div class=\"elementor-image-carousel-wrapper swiper\" role=\"region\" aria-roledescription=\"carousel\" aria-label=\"Carosello d&#039;immagini\" dir=\"ltr\">\n\t\t\t<div class=\"elementor-image-carousel swiper-wrapper swiper-image-stretch\" aria-live=\"off\">\n\t\t\t\t\t\t\t\t<div class=\"swiper-slide\" role=\"group\" aria-roledescription=\"slide\" aria-label=\"1 di 3\"><figure class=\"swiper-slide-inner\"><img decoding=\"async\" class=\"swiper-slide-image\" src=\"https:\/\/steigerfeinbaeckerei.ch\/wp-content\/uploads\/2025\/07\/steiger-feinbaeckerei-michael-scaled.jpeg\" alt=\"steiger-feinbaeckerei-michael\" \/><\/figure><\/div><div class=\"swiper-slide\" role=\"group\" aria-roledescription=\"slide\" aria-label=\"2 di 3\"><figure class=\"swiper-slide-inner\"><img decoding=\"async\" class=\"swiper-slide-image\" src=\"https:\/\/steigerfeinbaeckerei.ch\/wp-content\/uploads\/2025\/07\/steiger-feinbaekerei-elizaveta-scaled-e1753088393953.jpeg\" alt=\"steiger-feinbaekerei-elizaveta\" \/><\/figure><\/div><div class=\"swiper-slide\" role=\"group\" aria-roledescription=\"slide\" aria-label=\"3 di 3\"><figure class=\"swiper-slide-inner\"><img decoding=\"async\" class=\"swiper-slide-image\" src=\"https:\/\/steigerfeinbaeckerei.ch\/wp-content\/uploads\/2025\/07\/steiger-feibaekerei-team-scaled.jpeg\" alt=\"steiger-feibaekerei-team\" \/><\/figure><\/div>\t\t\t<\/div>\n\t\t\t\t\t\t\t\t\t\t\t\t<div class=\"elementor-swiper-button elementor-swiper-button-prev\" role=\"button\" tabindex=\"0\">\n\t\t\t\t\t\t<svg aria-hidden=\"true\" class=\"e-font-icon-svg e-eicon-chevron-left\" viewBox=\"0 0 1000 1000\" xmlns=\"http:\/\/www.w3.org\/2000\/svg\"><path d=\"M646 125C629 125 613 133 604 142L308 442C296 454 292 471 292 487 292 504 296 521 308 533L604 854C617 867 629 875 646 875 663 875 679 871 692 858 704 846 713 829 713 812 713 796 708 779 692 767L438 487 692 225C700 217 708 204 708 187 708 171 704 154 692 142 675 129 663 125 646 125Z\"><\/path><\/svg>\t\t\t\t\t<\/div>\n\t\t\t\t\t<div class=\"elementor-swiper-button elementor-swiper-button-next\" role=\"button\" tabindex=\"0\">\n\t\t\t\t\t\t<svg aria-hidden=\"true\" class=\"e-font-icon-svg e-eicon-chevron-right\" viewBox=\"0 0 1000 1000\" xmlns=\"http:\/\/www.w3.org\/2000\/svg\"><path d=\"M696 533C708 521 713 504 713 487 713 471 708 454 696 446L400 146C388 133 375 125 354 125 338 125 325 129 313 142 300 154 292 171 292 187 292 204 296 221 308 233L563 492 304 771C292 783 288 800 288 817 288 833 296 850 308 863 321 871 338 875 354 875 371 875 388 867 400 854L696 533Z\"><\/path><\/svg>\t\t\t\t\t<\/div>\n\t\t\t\t\n\t\t\t\t\t\t\t\t\t<\/div>\n\t\t\t\t\t\t<\/div>\n\t\t\t\t<\/div>\n\t\t\t\t\t<\/div>\n\t\t\t\t<\/div>\n\t\t<div class=\"elementor-element elementor-element-bb3d63b e-flex e-con-boxed e-con e-parent\" data-id=\"bb3d63b\" data-element_type=\"container\" data-e-type=\"container\">\n\t\t\t\t\t<div class=\"e-con-inner\">\n\t\t\t\t<div class=\"elementor-element elementor-element-ffaadba elementor-invisible elementor-widget elementor-widget-heading\" data-id=\"ffaadba\" data-element_type=\"widget\" data-e-type=\"widget\" data-settings=\"{&quot;_animation&quot;:&quot;fadeInUp&quot;}\" data-widget_type=\"heading.default\">\n\t\t\t\t<div class=\"elementor-widget-container\">\n\t\t\t\t\t<h1 class=\"elementor-heading-title elementor-size-default\">Conosciamoci un p\u00f2<\/h1>\t\t\t\t<\/div>\n\t\t\t\t<\/div>\n\t\t\t\t\t<\/div>\n\t\t\t\t<\/div>\n\t\t<div class=\"elementor-element elementor-element-04f7544 e-flex e-con-boxed e-con e-parent\" data-id=\"04f7544\" data-element_type=\"container\" data-e-type=\"container\">\n\t\t\t\t\t<div class=\"e-con-inner\">\n\t\t<div class=\"elementor-element elementor-element-ac14329 e-grid e-con-full e-con e-child\" data-id=\"ac14329\" data-element_type=\"container\" data-e-type=\"container\" data-settings=\"{&quot;shape_divider_top&quot;:&quot;clouds&quot;}\">\n\t\t\t\t<div class=\"elementor-shape elementor-shape-top\" aria-hidden=\"true\" data-negative=\"false\">\n\t\t\t<svg xmlns=\"http:\/\/www.w3.org\/2000\/svg\" viewBox=\"0 0 283.5 27.8\" preserveAspectRatio=\"xMidYMax slice\">\n  <path class=\"elementor-shape-fill\" d=\"M0 0v6.7c1.9-.8 4.7-1.4 8.5-1 9.5 1.1 11.1 6 11.1 6s2.1-.7 4.3-.2c2.1.5 2.8 2.6 2.8 2.6s.2-.5 1.4-.7c1.2-.2 1.7.2 1.7.2s0-2.1 1.9-2.8c1.9-.7 3.6.7 3.6.7s.7-2.9 3.1-4.1 4.7 0 4.7 0 1.2-.5 2.4 0 1.7 1.4 1.7 1.4h1.4c.7 0 1.2.7 1.2.7s.8-1.8 4-2.2c3.5-.4 5.3 2.4 6.2 4.4.4-.4 1-.7 1.8-.9 2.8-.7 4 .7 4 .7s1.7-5 11.1-6c9.5-1.1 12.3 3.9 12.3 3.9s1.2-4.8 5.7-5.7c4.5-.9 6.8 1.8 6.8 1.8s.6-.6 1.5-.9c.9-.2 1.9-.2 1.9-.2s5.2-6.4 12.6-3.3c7.3 3.1 4.7 9 4.7 9s1.9-.9 4 0 2.8 2.4 2.8 2.4 1.9-1.2 4.5-1.2 4.3 1.2 4.3 1.2.2-1 1.4-1.7 2.1-.7 2.1-.7-.5-3.1 2.1-5.5 5.7-1.4 5.7-1.4 1.5-2.3 4.2-1.1c2.7 1.2 1.7 5.2 1.7 5.2s.3-.1 1.3.5c.5.4.8.8.9 1.1.5-1.4 2.4-5.8 8.4-4 7.1 2.1 3.5 8.9 3.5 8.9s.8-.4 2 0 1.1 1.1 1.1 1.1 1.1-1.1 2.3-1.1 2.1.5 2.1.5 1.9-3.6 6.2-1.2 1.9 6.4 1.9 6.4 2.6-2.4 7.4 0c3.4 1.7 3.9 4.9 3.9 4.9s3.3-6.9 10.4-7.9 11.5 2.6 11.5 2.6.8 0 1.2.2c.4.2.9.9.9.9s4.4-3.1 8.3.2c1.9 1.7 1.5 5 1.5 5s.3-1.1 1.6-1.4c1.3-.3 2.3.2 2.3.2s-.1-1.2.5-1.9 1.9-.9 1.9-.9-4.7-9.3 4.4-13.4c5.6-2.5 9.2.9 9.2.9s5-6.2 15.9-6.2 16.1 8.1 16.1 8.1.7-.2 1.6-.4V0H0z\"\/>\n<\/svg>\n\t\t<\/div>\n\t\t<div class=\"elementor-element elementor-element-a86b7e0 e-con-full e-flex e-con e-child\" data-id=\"a86b7e0\" data-element_type=\"container\" data-e-type=\"container\" data-settings=\"{&quot;background_background&quot;:&quot;classic&quot;}\">\n\t\t\t\t<div class=\"elementor-element elementor-element-14d1822 elementor-widget elementor-widget-heading\" data-id=\"14d1822\" data-element_type=\"widget\" data-e-type=\"widget\" data-widget_type=\"heading.default\">\n\t\t\t\t<div class=\"elementor-widget-container\">\n\t\t\t\t\t<h3 class=\"elementor-heading-title elementor-size-default\">Mission<\/h3>\t\t\t\t<\/div>\n\t\t\t\t<\/div>\n\t\t\t\t<div class=\"elementor-element elementor-element-b6334c1 elementor-widget elementor-widget-text-editor\" data-id=\"b6334c1\" data-element_type=\"widget\" data-e-type=\"widget\" data-widget_type=\"text-editor.default\">\n\t\t\t\t<div class=\"elementor-widget-container\">\n\t\t\t\t\t\t\t\t\t<p>La nostra <b>mission<\/b> \u00e8 quella di unire il meglio della <b>tradizione<\/b> <b>svizzera<\/b> e <b>italiana<\/b> in un luogo dove l\u2019accoglienza, la bellezza e la bont\u00e0 vanno di pari passo. Da Steiger Feinb\u00e4ckerei Pasticceria crediamo che ogni creazione debba raccontare una storia: fatta di <b>profumi familiari<\/b> e di <b>eleganza<\/b> <b>contemporanea<\/b>, di <b>artigianalit\u00e0<\/b> <b>autentica<\/b> e di un tocco di <b>innovazione<\/b>. Vogliamo offrire ai nostri clienti un\u2019esperienza che sia calda, curata e sempre su misura, accogliendoli con il sorriso e prodotti freschi capaci di sorprendere, ogni giorno.<\/p>\t\t\t\t\t\t\t\t<\/div>\n\t\t\t\t<\/div>\n\t\t\t\t<\/div>\n\t\t<div class=\"elementor-element elementor-element-a5efce0 e-con-full e-flex e-con e-child\" data-id=\"a5efce0\" data-element_type=\"container\" data-e-type=\"container\" data-settings=\"{&quot;background_background&quot;:&quot;classic&quot;}\">\n\t\t\t\t<div class=\"elementor-element elementor-element-1e1cfa1 elementor-widget elementor-widget-heading\" data-id=\"1e1cfa1\" data-element_type=\"widget\" data-e-type=\"widget\" data-widget_type=\"heading.default\">\n\t\t\t\t<div class=\"elementor-widget-container\">\n\t\t\t\t\t<h2 class=\"elementor-heading-title elementor-size-default\">Ingredienti<\/h2>\t\t\t\t<\/div>\n\t\t\t\t<\/div>\n\t\t\t\t<div class=\"elementor-element elementor-element-ca3eece elementor-widget elementor-widget-text-editor\" data-id=\"ca3eece\" data-element_type=\"widget\" data-e-type=\"widget\" data-widget_type=\"text-editor.default\">\n\t\t\t\t<div class=\"elementor-widget-container\">\n\t\t\t\t\t\t\t\t\t<p>Siamo profondamente convinti che la <b>qualit\u00e0<\/b> cominci dagli ingredienti. Per questo selezioniamo solo materie prime fresche, genuine e di alto livello, evitando qualsiasi tipo di preparato industriale, semilavorato o scorciatoia. Ogni prodotto viene realizzato interamente nel nostro laboratorio, dall\u2019impasto alla decorazione finale, con attenzione artigianale e passione per il dettaglio. \u00c8 cos\u00ec che garantiamo non solo il gusto, ma anche la trasparenza, la freschezza e il rispetto per chi sceglie di condividere con noi un momento di dolcezza autentica.<\/p>\t\t\t\t\t\t\t\t<\/div>\n\t\t\t\t<\/div>\n\t\t\t\t<\/div>\n\t\t\t\t<\/div>\n\t\t\t\t\t<\/div>\n\t\t\t\t<\/div>\n\t\t<div class=\"elementor-element elementor-element-f9678b3 e-grid e-con-full e-con e-parent\" data-id=\"f9678b3\" data-element_type=\"container\" data-e-type=\"container\">\n\t\t<div class=\"elementor-element elementor-element-c7adc40 e-con-full e-flex e-con e-child\" data-id=\"c7adc40\" data-element_type=\"container\" data-e-type=\"container\" data-settings=\"{&quot;background_background&quot;:&quot;classic&quot;}\">\n\t\t\t\t<div class=\"elementor-element elementor-element-355e9b1 elementor-widget elementor-widget-heading\" data-id=\"355e9b1\" data-element_type=\"widget\" data-e-type=\"widget\" data-widget_type=\"heading.default\">\n\t\t\t\t<div class=\"elementor-widget-container\">\n\t\t\t\t\t<h2 class=\"elementor-heading-title elementor-size-default\">Su di noi<\/h2>\t\t\t\t<\/div>\n\t\t\t\t<\/div>\n\t\t\t\t<div class=\"elementor-element elementor-element-b94af34 elementor-widget elementor-widget-text-editor\" data-id=\"b94af34\" data-element_type=\"widget\" data-e-type=\"widget\" data-widget_type=\"text-editor.default\">\n\t\t\t\t<div class=\"elementor-widget-container\">\n\t\t\t\t\t\t\t\t\t<p class=\"p1\"><span class=\"fontstyle0\">Dietro ogni dolce della Feinb\u00e4ckerei Pasticceria Steiger ci siamo noi: <\/span><strong><span class=\"fontstyle2\">Elizaveta Geremia <\/span><\/strong><span class=\"fontstyle0\">e <\/span><strong><span class=\"fontstyle2\">Michael Steiger<\/span><\/strong><span class=\"fontstyle0\">. Siamo una coppia nella vita e nel lavoro, uniti dalla passione per la pasticceria e da un incontro speciale avvenuto nel 2021 tra le eleganti mura del Grand Hotel Les Trois Rois***** di Basilea. Da quel momento, non ci siamo pi\u00f9 lasciati: n\u00e9 nel cuore, n\u00e9 in cucina.<\/span><\/p><p><strong><span class=\"fontstyle0\">Elizaveta<\/span><\/strong><span class=\"fontstyle1\">, 30 anni, \u00e8 pasticciera italiana. Dopo il diploma presso l&#8217;Accademia delle Professioni Dieffe, ha maturato esperienza nelle migliori pasticcerie e ristoranti italiani (come la rinomata Pasticceria Perlini di Verona) prima di trasferirsi in Svizzera nel 2017. Qui ha lavorato come Chef de Partie P\u00e2tisserie al Grand Hotel Les Trois Rois, occupandosi della creazione di dessert al piatto, buffet e brunch. La sua ultima esperienza \u00e8 stata alla guida della Pasticceria Carbone a Oberwil, dove si \u00e8 occupata della gestione completa del laboratorio e del servizio clienti.<br \/><\/span><\/p><p><strong> <span class=\"fontstyle0\">Michael<\/span><\/strong><span class=\"fontstyle1\">, 36 anni, \u00e8 panettiere e pasticciere svizzero diplomato B\u00e4cker EFZ con oltre vent\u2019anni di esperienza in rinomate pasticcerie del territorio, tra cui Bachmann a Basilea e Buchmann a M\u00fcnchenstein. Anche lui ha ricoperto il ruolo di Chef de Partie P\u00e2tisserie al Grand Hotel Les Trois Rois, e oggi \u00e8 Chef Pasticciere al ristorante Waldrain a Bettingen, dove firma dessert al piatto, catering e torte per eventi speciali.<\/span><\/p><p><span class=\"fontstyle1\"> Lavorando insieme ogni giorno, abbiamo sviluppato una sintonia autentica. Ci capiamo al volo, ci fidiamo l\u2019uno dell\u2019altra, e ognuno contribuisce con la propria sensibilit\u00e0 e visione. \u00c8 da questa fusione, tra esperienza svizzera e creativit\u00e0 italiana, che nascono i nostri dolci: sinceri, curati, pieni di bellezza. <\/span><\/p><p><span class=\"fontstyle1\">La nostra pasticceria nasce cos\u00ec, dal desiderio di creare un luogo dove ogni prodotto racconti una storia e faccia sentire chi lo assaggia parte di qualcosa di speciale. Sogniamo di diventare un punto di riferimento a Basilea per chi cerca qualit\u00e0, bellezza e autenticit\u00e0 \u2013 e di aprire un secondo punto vendita nel cuore della citt\u00e0 nei prossimi anni.<\/span><\/p><p><span class=\"fontstyle1\"> Benvenuti nel nostro mondo<\/span><\/p>\t\t\t\t\t\t\t\t<\/div>\n\t\t\t\t<\/div>\n\t\t\t\t<\/div>\n\t\t<div class=\"elementor-element elementor-element-cf74e51 e-con-full e-flex e-con e-child\" data-id=\"cf74e51\" data-element_type=\"container\" data-e-type=\"container\" data-settings=\"{&quot;background_background&quot;:&quot;classic&quot;}\">\n\t\t\t\t<\/div>\n\t\t\t\t<\/div>\n\t\t\t\t<\/div>\n\t\t","protected":false},"excerpt":{"rendered":"<p>Chi siamo Dalla Passione alla Professione Conosciamoci un p\u00f2 Mission La nostra mission \u00e8 quella di unire il meglio della tradizione svizzera e italiana in un luogo dove l\u2019accoglienza, la bellezza e la bont\u00e0 vanno di pari passo. Da Steiger Feinb\u00e4ckerei Pasticceria crediamo che ogni creazione debba raccontare una storia: fatta di profumi familiari e [&hellip;]<\/p>\n","protected":false},"author":1,"featured_media":0,"parent":0,"menu_order":0,"comment_status":"closed","ping_status":"closed","template":"","meta":{"footnotes":""},"class_list":["post-24","page","type-page","status-publish","hentry"],"_links":{"self":[{"href":"https:\/\/steigerfeinbaeckerei.ch\/it\/index.php\/wp-json\/wp\/v2\/pages\/24","targetHints":{"allow":["GET"]}}],"collection":[{"href":"https:\/\/steigerfeinbaeckerei.ch\/it\/index.php\/wp-json\/wp\/v2\/pages"}],"about":[{"href":"https:\/\/steigerfeinbaeckerei.ch\/it\/index.php\/wp-json\/wp\/v2\/types\/page"}],"author":[{"embeddable":true,"href":"https:\/\/steigerfeinbaeckerei.ch\/it\/index.php\/wp-json\/wp\/v2\/users\/1"}],"replies":[{"embeddable":true,"href":"https:\/\/steigerfeinbaeckerei.ch\/it\/index.php\/wp-json\/wp\/v2\/comments?post=24"}],"version-history":[{"count":183,"href":"https:\/\/steigerfeinbaeckerei.ch\/it\/index.php\/wp-json\/wp\/v2\/pages\/24\/revisions"}],"predecessor-version":[{"id":4050,"href":"https:\/\/steigerfeinbaeckerei.ch\/it\/index.php\/wp-json\/wp\/v2\/pages\/24\/revisions\/4050"}],"wp:attachment":[{"href":"https:\/\/steigerfeinbaeckerei.ch\/it\/index.php\/wp-json\/wp\/v2\/media?parent=24"}],"curies":[{"name":"wp","href":"https:\/\/api.w.org\/{rel}","templated":true}]}}